{"id":4640,"date":"2025-09-25T12:08:29","date_gmt":"2025-09-25T11:08:29","guid":{"rendered":"https:\/\/sportinnovationhub.com\/?page_id=4640"},"modified":"2025-11-18T14:20:09","modified_gmt":"2025-11-18T13:20:09","slug":"cookies-policy","status":"publish","type":"page","link":"https:\/\/sportinnovationhub.com\/es\/cookies-policy\/","title":{"rendered":"Pol\u00edtica de cookies"},"content":{"rendered":"<div data-elementor-type=\"wp-page\" data-elementor-id=\"4640\" class=\"elementor elementor-4640\" data-elementor-post-type=\"page\">\n\t\t\t\t<div class=\"elementor-element elementor-element-7300ea0 e-flex e-con-boxed e-con e-parent\" data-id=\"7300ea0\" data-element_type=\"container\" data-settings=\"{&quot;background_background&quot;:&quot;classic&quot;}\">\n\t\t\t\t\t<div class=\"e-con-inner\">\n\t\t<div class=\"elementor-element elementor-element-021848b e-con-full e-flex e-con e-child\" data-id=\"021848b\" data-element_type=\"container\">\n\t\t\t\t<div class=\"elementor-element elementor-element-889627e animated-slow elementor-widget__width-initial elementor-invisible elementor-widget elementor-widget-heading\" data-id=\"889627e\" data-element_type=\"widget\" data-settings=\"{&quot;_animation&quot;:&quot;fadeInUp&quot;}\" data-widget_type=\"heading.default\">\n\t\t\t\t<div class=\"elementor-widget-container\">\n\t\t\t\t\t<h2 class=\"elementor-heading-title elementor-size-default\">Pol\u00edtica de cookies<\/h2>\t\t\t\t<\/div>\n\t\t\t\t<\/div>\n\t\t\t\t<\/div>\n\t\t\t\t\t<\/div>\n\t\t\t\t<\/div>\n\t\t<div class=\"elementor-element elementor-element-2b1bdf6 e-flex e-con-boxed e-con e-parent\" data-id=\"2b1bdf6\" data-element_type=\"container\" data-settings=\"{&quot;background_background&quot;:&quot;classic&quot;}\">\n\t\t\t\t\t<div class=\"e-con-inner\">\n\t\t<div class=\"elementor-element elementor-element-bd6d8a6 e-con-full e-flex e-con e-child\" data-id=\"bd6d8a6\" data-element_type=\"container\">\n\t\t\t\t<div class=\"elementor-element elementor-element-54070d8 elementor-widget elementor-widget-text-editor\" data-id=\"54070d8\" data-element_type=\"widget\" data-widget_type=\"text-editor.default\">\n\t\t\t\t<div class=\"elementor-widget-container\">\n\t\t\t\t\t\t\t\t\t<p data-start=\"207\" data-end=\"373\">Este sitio web utiliza cookies y tecnolog\u00edas similares para mejorar tu experiencia de navegaci\u00f3n, analizar el tr\u00e1fico del sitio y personalizar el contenido. Al utilizar este sitio web, aceptas el uso de cookies de acuerdo con esta pol\u00edtica.<\/p><hr data-start=\"465\" data-end=\"468\" \/><h3 data-start=\"470\" data-end=\"495\">\u00a0<\/h3><h3 data-start=\"470\" data-end=\"495\">\u00bfQu\u00e9 son las cookies?<\/h3><p data-start=\"496\" data-end=\"731\">Las cookies son peque\u00f1os archivos de texto que se almacenan en tu dispositivo (ordenador, smartphone, tableta) cuando visitas determinados sitios web. Permiten que el sitio web reconozca tu dispositivo y guarde informaci\u00f3n sobre tus preferencias o acciones realizadas anteriormente.<\/p><hr data-start=\"733\" data-end=\"736\" \/><h3 data-start=\"738\" data-end=\"769\">\u00a0<\/h3><h3 data-start=\"738\" data-end=\"769\">Tipos de cookies que usamos<\/h3><ol data-start=\"771\" data-end=\"1361\"><li data-start=\"771\" data-end=\"916\"><p data-start=\"774\" data-end=\"806\"><strong data-start=\"774\" data-end=\"804\">Estrictamente necesarias<\/strong><\/p><ul data-start=\"810\" data-end=\"916\"><li data-start=\"810\" data-end=\"865\"><p data-start=\"812\" data-end=\"865\">Requeridas para el propio funcionamiento del sitio.<br \/>Ejemplo: cookies de sesi\u00f3n, cookies de seguridad.<\/p><\/li><\/ul><\/li><li data-start=\"918\" data-end=\"1065\"><p data-start=\"921\" data-end=\"957\"><strong data-start=\"921\" data-end=\"955\">Anal\u00edticas<\/strong><\/p><ul data-start=\"961\" data-end=\"1065\"><li data-start=\"961\" data-end=\"1023\"><p data-start=\"963\" data-end=\"1023\">Nos ayudan a entender c\u00f3mo los visitantes interact\u00faan con el sitio.<br \/>Ejemplo: Google Analytics<\/p><\/li><\/ul><\/li><li data-start=\"1067\" data-end=\"1229\"><p data-start=\"1070\" data-end=\"1097\"><strong data-start=\"1070\" data-end=\"1095\">De funcionalidad<\/strong><\/p><ul data-start=\"1273\" data-end=\"1361\"><li data-start=\"1101\" data-end=\"1173\"><p data-start=\"1103\" data-end=\"1173\">Recuerda las preferencias del usuario para ofrecer una experiencia personalizada.<br \/>Ejemplo: opciones de idioma o inicio de sesi\u00f3n<\/p><\/li><\/ul><\/li><\/ol><hr data-start=\"1363\" data-end=\"1366\" \/><h3 data-start=\"1368\" data-end=\"1395\">\u00a0<\/h3><h3 data-start=\"1368\" data-end=\"1395\">Cookies de terceros<\/h3><p data-start=\"1396\" data-end=\"1482\">Algunas cookies son colocadas por servicios de terceros que aparecen en nuestro sitio web, tales como:<\/p><ul data-start=\"1483\" data-end=\"1632\"><li data-start=\"1483\" data-end=\"1548\"><p data-start=\"1485\" data-end=\"1548\"><strong data-start=\"1485\" data-end=\"1505\">Google Analytics<\/strong> (para analizar el tr\u00e1fico y los patrones de uso).<\/p><\/li><\/ul><p data-start=\"1634\" data-end=\"1730\">Estos terceros pueden utilizar sus propias cookies de acuerdo con sus pol\u00edticas de privacidad y cookies.<\/p><hr data-start=\"1732\" data-end=\"1735\" \/><h3 data-start=\"1737\" data-end=\"1761\">\u00a0<\/h3><h3 data-start=\"1737\" data-end=\"1761\">Gesti\u00f3n de cookies<\/h3><p data-start=\"1762\" data-end=\"1842\">Puedes controlar y\/o eliminar las cookies seg\u00fan tu preferencia. La mayor\u00eda de los navegadores permiten:<\/p><ul data-start=\"1843\" data-end=\"1996\"><li data-start=\"1843\" data-end=\"1877\"><p data-start=\"1845\" data-end=\"1877\">Ver qu\u00e9 cookies se han almacenado.<\/p><\/li><li data-start=\"1878\" data-end=\"1908\"><p data-start=\"1880\" data-end=\"1908\">Bloquear cookies de terceros.<\/p><\/li><li data-start=\"1909\" data-end=\"1947\"><p data-start=\"1911\" data-end=\"1947\">Bloquear cookies de sitios espec\u00edficos.<\/p><\/li><li data-start=\"1948\" data-end=\"1996\"><p data-start=\"1950\" data-end=\"1996\">Eliminar todas las cookies al cerrar el navegador.<\/p><\/li><\/ul><p data-start=\"1998\" data-end=\"2050\">Para m\u00e1s informaci\u00f3n, consulta la secci\u00f3n de ayuda de tu navegador:<\/p><ul><li data-start=\"474\" data-end=\"558\"><p data-start=\"476\" data-end=\"558\"><a class=\"decorated-link cursor-pointer\" href=\"https:\/\/support.google.com\/chrome\/answer\/95647\" target=\"_blank\" rel=\"noopener\" data-start=\"476\" data-end=\"556\">Google Chrome \u2013 Manage cookies<\/a><\/p><\/li><li data-start=\"559\" data-end=\"684\"><p data-start=\"561\" data-end=\"684\"><a class=\"decorated-link cursor-pointer\" href=\"https:\/\/support.mozilla.org\/en-US\/kb\/clear-cookies-and-site-data-firefox\" target=\"_blank\" rel=\"noopener\" data-start=\"561\" data-end=\"682\">Mozilla Firefox \u2013 Clear cookies and site data<\/a><\/p><\/li><li data-start=\"685\" data-end=\"825\"><p data-start=\"687\" data-end=\"825\"><a class=\"decorated-link cursor-pointer\" href=\"https:\/\/support.apple.com\/guide\/safari\/manage-cookies-and-website-data-sfri11471\/mac\" target=\"_blank\" rel=\"noopener\" data-start=\"687\" data-end=\"823\">Safari (macOS) \u2013 Manage cookies and website data<\/a><\/p><\/li><li data-start=\"826\" data-end=\"956\"><p data-start=\"828\" data-end=\"956\"><a class=\"decorated-link cursor-pointer\" href=\"https:\/\/support.apple.com\/guide\/safari\/manage-cookies-and-website-data-sfri11471\/ios\" target=\"_blank\" rel=\"noopener\" data-start=\"828\" data-end=\"954\">Safari (iOS) \u2013 Block or remove cookies<\/a><\/p><\/li><li data-start=\"957\" data-end=\"1134\"><p data-start=\"959\" data-end=\"1134\"><a class=\"decorated-link cursor-pointer\" href=\"https:\/\/support.microsoft.com\/en-us\/microsoft-edge\/delete-cookies-in-microsoft-edge-63947406-40ac-c3b8-57b9-2a946a29ae09\" target=\"_blank\" rel=\"noopener\" data-start=\"959\" data-end=\"1132\">Microsoft Edge \u2013 Delete cookies in Microsoft Edge<\/a><\/p><\/li><li data-start=\"1135\" data-end=\"1222\"><p data-start=\"1137\" data-end=\"1222\"><a class=\"decorated-link cursor-pointer\" href=\"https:\/\/help.opera.com\/en\/latest\/web-preferences\/#cookies\" target=\"_blank\" rel=\"noopener\" data-start=\"1137\" data-end=\"1220\">Opera \u2013 Manage cookies<\/a><\/p><\/li><\/ul><hr data-start=\"2410\" data-end=\"2413\" \/><h3 data-start=\"2415\" data-end=\"2430\">\u00a0<\/h3><h3 data-start=\"2415\" data-end=\"2430\">Consentimiento<\/h3><p data-start=\"2431\" data-end=\"2630\">Cuando visites nuestro sitio web por primera vez, aparecer\u00e1 un banner o ventana emergente de cookies solicitando tu consentimiento para el uso de cookies no esenciales. Puedes aceptar todas, rechazar todas o personalizar tus preferencias.<\/p>\t\t\t\t\t\t\t\t<\/div>\n\t\t\t\t<\/div>\n\t\t\t\t<\/div>\n\t\t\t\t\t<\/div>\n\t\t\t\t<\/div>\n\t\t\t\t<\/div>","protected":false},"excerpt":{"rendered":"<p>Cookies Policy This website uses cookies and similar technologies to improve your browsing experience, analyze website traffic, and personalize content. [&hellip;]<\/p>\n","protected":false},"author":3,"featured_media":0,"parent":0,"menu_order":0,"comment_status":"closed","ping_status":"closed","template":"","meta":{"site-sidebar-layout":"no-sidebar","site-content-layout":"page-builder","ast-site-content-layout":"default","site-content-style":"default","site-sidebar-style":"default","ast-global-header-display":"","ast-banner-title-visibility":"","ast-main-header-display":"","ast-hfb-above-header-display":"","ast-hfb-below-header-display":"","ast-hfb-mobile-header-display":"","site-post-title":"disabled","ast-breadcrumbs-content":"","ast-featured-img":"disabled","footer-sml-layout":"","theme-transparent-header-meta":"","adv-header-id-meta":"","stick-header-meta":"","header-above-stick-meta":"","header-main-stick-meta":"","header-below-stick-meta":"","astra-migrate-meta-layouts":"default","ast-page-background-enabled":"default","ast-page-background-meta":{"desktop":{"background-color":"","background-image":"","background-repeat":"repeat","background-position":"center center","background-size":"auto","background-attachment":"scroll","background-type":"","background-media":"","overlay-type":"","overlay-color":"","overlay-opacity":"","overlay-gradient":""},"tablet":{"background-color":"","background-image":"","background-repeat":"repeat","background-position":"center center","background-size":"auto","background-attachment":"scroll","background-type":"","background-media":"","overlay-type":"","overlay-color":"","overlay-opacity":"","overlay-gradient":""},"mobile":{"background-color":"","background-image":"","background-repeat":"repeat","background-position":"center center","background-size":"auto","background-attachment":"scroll","background-type":"","background-media":"","overlay-type":"","overlay-color":"","overlay-opacity":"","overlay-gradient":""}},"ast-content-background-meta":{"desktop":{"background-color":"var(--ast-global-color-5)","background-image":"","background-repeat":"repeat","background-position":"center center","background-size":"auto","background-attachment":"scroll","background-type":"","background-media":"","overlay-type":"","overlay-color":"","overlay-opacity":"","overlay-gradient":""},"tablet":{"background-color":"var(--ast-global-color-5)","background-image":"","background-repeat":"repeat","background-position":"center center","background-size":"auto","background-attachment":"scroll","background-type":"","background-media":"","overlay-type":"","overlay-color":"","overlay-opacity":"","overlay-gradient":""},"mobile":{"background-color":"var(--ast-global-color-5)","background-image":"","background-repeat":"repeat","background-position":"center center","background-size":"auto","background-attachment":"scroll","background-type":"","background-media":"","overlay-type":"","overlay-color":"","overlay-opacity":"","overlay-gradient":""}},"footnotes":""},"class_list":["post-4640","page","type-page","status-publish","hentry"],"_links":{"self":[{"href":"https:\/\/sportinnovationhub.com\/es\/wp-json\/wp\/v2\/pages\/4640","targetHints":{"allow":["GET"]}}],"collection":[{"href":"https:\/\/sportinnovationhub.com\/es\/wp-json\/wp\/v2\/pages"}],"about":[{"href":"https:\/\/sportinnovationhub.com\/es\/wp-json\/wp\/v2\/types\/page"}],"author":[{"embeddable":true,"href":"https:\/\/sportinnovationhub.com\/es\/wp-json\/wp\/v2\/users\/3"}],"replies":[{"embeddable":true,"href":"https:\/\/sportinnovationhub.com\/es\/wp-json\/wp\/v2\/comments?post=4640"}],"version-history":[{"count":25,"href":"https:\/\/sportinnovationhub.com\/es\/wp-json\/wp\/v2\/pages\/4640\/revisions"}],"predecessor-version":[{"id":6152,"href":"https:\/\/sportinnovationhub.com\/es\/wp-json\/wp\/v2\/pages\/4640\/revisions\/6152"}],"wp:attachment":[{"href":"https:\/\/sportinnovationhub.com\/es\/wp-json\/wp\/v2\/media?parent=4640"}],"curies":[{"name":"wp","href":"https:\/\/api.w.org\/{rel}","templated":true}]}}